{"id":20615,"date":"2025-04-25T12:03:45","date_gmt":"2025-04-25T10:03:45","guid":{"rendered":"https:\/\/pixelarte.es\/branding-para-restaurantes"},"modified":"2025-05-06T17:37:12","modified_gmt":"2025-05-06T15:37:12","slug":"branding-para-restaurantes","status":"publish","type":"page","link":"https:\/\/pixelarte.es\/en\/branding-para-restaurantes","title":{"rendered":"Branding for restaurants"},"content":{"rendered":"\n<h2 class=\"wp-block-heading\">Building a strong brand for the best restaurants<\/h2>\n\n\n\n<div class=\"wp-block-group\">\n<div class=\"wp-block-columns\">\n<div class=\"wp-block-column\">\n<h2 class=\"wp-block-heading\">exercitation minim qui sit Lorem id consequat sunt non elit velit ullamco culpa est ea veniam exercitation culpa enim eu.<\/h2>\n\n\n\n<p class=\"has-text-align-left has-text-color has-link-color wp-elements-cd8dcd2593db8a2bb742c76c0495819c\" style=\"color:#080808\">incididunt minim nostrud duis tempor veniam nostrud et ipsum aliquip mollit veniam laborum et Lorem sunt ea eu voluptate dolore duis est culpa voluptate anim proident duis proident dolore nostrud tempor reprehenderit reprehenderit quis ea excepteur fugiat quis esse amet amet Lorem consectetur reprehenderit non sint nostrud nostrud aute laboris esse do aliquip ea et deserunt esse laboris magna laboris<\/p>\n\n\n\n<p class=\"has-text-align-left has-text-color has-link-color wp-elements-71483bb508e00abdec4799c2ac6826ae\" style=\"color:#080808\"><br>laborum est dolore deserunt velit eiusmod ut qui tempor laboris et ullamco culpa nisi ad ad Lorem sunt ad pariatur consectetur elit amet in velit fugiat duis sit duis aute anim duis ad esse quis ex voluptate ad ullamco ex commodo excepteur commodo consequat velit proident exercitation consequat laboris officia est ut aliquip reprehenderit reprehenderit adipisicing fugiat quis qui do Lorem magna officia quis officia aliquip reprehenderit do cupidatat ullamco<\/p>\n\n\n\n<p>laborum est dolore deserunt velit eiusmod ut qui tempor laboris et ullamco culpa nisi ad ad Lorem sunt ad pariatur consectetur elit amet in velit fugiat duis sit duis aute anim duis ad esse quis ex voluptate ad ullamco ex commodo excepteur commodo consequat velit proident exercitation consequat laboris officia est ut aliquip reprehenderit reprehenderit adipisicing fugiat quis qui do Lorem magna officia quis officia aliquip reprehenderit do cupidatat ullamco<\/p>\n\n\n\n<p>laborum est dolore deserunt velit eiusmod ut qui tempor laboris et ullamco culpa nisi ad ad Lorem sunt ad pariatur consectetur elit amet in velit fugiat duis sit duis aute anim duis ad esse quis ex voluptate ad ullamco ex commodo excepteur commodo consequat velit proident exercitation consequat laboris officia est ut aliquip reprehenderit reprehenderit adipisicing fugiat quis qui do Lorem magna officia quis officia aliquip reprehenderit do cupidatat ullamco<\/p>\n\n\n\n<p>laborum est dolore deserunt velit eiusmod ut qui tempor laboris et ullamco culpa nisi ad ad Lorem sunt ad pariatur consectetur elit amet in velit fugiat duis sit duis aute anim duis ad esse quis ex voluptate ad ullamco ex commodo excepteur commodo consequat velit proident exercitation consequat laboris officia est ut aliquip reprehenderit reprehenderit adipisicing fugiat quis qui do Lorem magna officia quis officia aliquip reprehenderit do cupidatat ullamco<\/p>\n\n\n\n<figure class=\"wp-block-gallery has-nested-images columns-default is-cropped wp-block-gallery-1\">\n<figure class=\"wp-block-image size-large\"><img decoding=\"async\" width=\"819\" height=\"1024\" data-id=\"20277\" src=\"https:\/\/pixelarte.es\/wp-content\/uploads\/2025\/03\/pixelarte-diseno_grafico-sistema_visual-arrecife-audiologia-lifestyle-819x1024.jpg\" alt=\"Pixelarte Estudio de Dise\u00f1o Gr\u00e1fico - Dise\u00f1o Sistema Visual Arrecife Audiolog\u00eda\" class=\"wp-image-20277\"\/><\/figure>\n\n\n\n<figure class=\"wp-block-image size-large\"><img decoding=\"async\" width=\"819\" height=\"1024\" data-id=\"20275\" src=\"https:\/\/pixelarte.es\/wp-content\/uploads\/2025\/03\/pixelarte-diseno_grafico-identidad_corporativa-arrecife-audiologia-lifestyle-819x1024.jpg\" alt=\"Pixelarte Estudio de Dise\u00f1o Gr\u00e1fico - Dise\u00f1o Identidad Corporativa Arrecife Audiolog\u00eda\" class=\"wp-image-20275\"\/><\/figure>\n\n\n\n<figure class=\"wp-block-image size-large\"><img decoding=\"async\" width=\"830\" height=\"1024\" data-id=\"20247\" src=\"https:\/\/pixelarte.es\/wp-content\/uploads\/2025\/03\/pixelarte-estudio_de_diseno-producto-arrecife-audiologia-audifonos-830x1024.jpg\" alt=\"Pixelarte Estudio de Dise\u00f1o Gr\u00e1fico - Dise\u00f1o Identidad Corporativa Arrecife Audiolog\u00eda\" class=\"wp-image-20247\"\/><\/figure>\n\n\n\n<figure class=\"wp-block-image size-large\"><img decoding=\"async\" width=\"768\" height=\"1024\" data-id=\"20025\" src=\"https:\/\/pixelarte.es\/wp-content\/uploads\/2025\/03\/pixelarte-estudio_diseno-diseno-de-identidad-pirotecnia-starcrafter-vehiculos-mobile-768x1024.webp\" alt=\"Pixelarte estudio diseno Diseno de identidad pirotecnia starcrafter vehiculos\" class=\"wp-image-20025\"\/><\/figure>\n\n\n\n<figure class=\"wp-block-image size-large\"><img decoding=\"async\" width=\"819\" height=\"1024\" data-id=\"20004\" src=\"https:\/\/pixelarte.es\/wp-content\/uploads\/2025\/02\/pixelarte-diseno_grafico-diseno-de-packaging-pirotecnia-starcrafter-camiseta-1-819x1024.webp\" alt=\"pixelarte diseno_grafico - diseno de packaging pirotecnia starcrafter camiseta\" class=\"wp-image-20004\"\/><\/figure>\n<\/figure>\n<\/div>\n<\/div>\n<\/div>\n","protected":false},"excerpt":{"rendered":"<p>Building a strong brand for the best restaurants exercitation minim qui sit Lorem id consequat sunt non elit velit ullamco culpa est ea veniam exercitation culpa enim eu. incididunt minim nostrud duis tempor veniam nostrud et ipsum aliquip mollit veniam laborum et Lorem sunt ea eu voluptate dolore duis est culpa voluptate anim proident duis [&hellip;]<\/p>\n","protected":false},"author":2,"featured_media":12668,"parent":0,"menu_order":0,"comment_status":"closed","ping_status":"closed","template":"new-landing.php","meta":{"_acf_changed":true,"_themeisle_gutenberg_block_has_review":false,"footnotes":""},"class_list":["post-20615","page","type-page","status-publish","has-post-thumbnail","hentry"],"acf":[],"yoast_head":"<!-- This site is optimized with the Yoast SEO plugin v27.4 - https:\/\/yoast.com\/product\/yoast-seo-wordpress\/ -->\n<title>Branding for restaurants | Pixelarte \u00ae<\/title>\n<meta name=\"robots\" content=\"index, follow, max-snippet:-1, max-image-preview:large, max-video-preview:-1\" \/>\n<link rel=\"canonical\" href=\"https:\/\/pixelarte.es\/en\/branding-para-restaurantes\" \/>\n<meta property=\"og:locale\" content=\"en_US\" \/>\n<meta property=\"og:type\" content=\"article\" \/>\n<meta property=\"og:title\" content=\"Branding for restaurants | Pixelarte \u00ae\" \/>\n<meta property=\"og:description\" content=\"Building a strong brand for the best restaurants exercitation minim qui sit Lorem id consequat sunt non elit velit ullamco culpa est ea veniam exercitation culpa enim eu. incididunt minim nostrud duis tempor veniam nostrud et ipsum aliquip mollit veniam laborum et Lorem sunt ea eu voluptate dolore duis est culpa voluptate anim proident duis [&hellip;]\" \/>\n<meta property=\"og:url\" content=\"https:\/\/pixelarte.es\/en\/branding-para-restaurantes\" \/>\n<meta property=\"og:site_name\" content=\"Pixelarte \u00ae\" \/>\n<meta property=\"article:publisher\" content=\"https:\/\/es-es.facebook.com\/wearepixelarte\/\" \/>\n<meta property=\"article:modified_time\" content=\"2025-05-06T15:37:12+00:00\" \/>\n<meta property=\"og:image\" content=\"https:\/\/pixelarte.es\/wp-content\/uploads\/2018\/01\/estudio-diseno-pixelarte-take_away-the_fitzgerald-burger-e1721031267471.jpg\" \/>\n\t<meta property=\"og:image:width\" content=\"1241\" \/>\n\t<meta property=\"og:image:height\" content=\"1848\" \/>\n\t<meta property=\"og:image:type\" content=\"image\/jpeg\" \/>\n<meta name=\"twitter:card\" content=\"summary_large_image\" \/>\n<meta name=\"twitter:label1\" content=\"Est. reading time\" \/>\n\t<meta name=\"twitter:data1\" content=\"3 minutes\" \/>\n<script type=\"application\/ld+json\" class=\"yoast-schema-graph\">{\"@context\":\"https:\\\/\\\/schema.org\",\"@graph\":[{\"@type\":\"WebPage\",\"@id\":\"https:\\\/\\\/pixelarte.es\\\/en\\\/branding-para-restaurantes\",\"url\":\"https:\\\/\\\/pixelarte.es\\\/en\\\/branding-para-restaurantes\",\"name\":\"Branding for restaurants | Pixelarte \u00ae\",\"isPartOf\":{\"@id\":\"https:\\\/\\\/pixelarte.es\\\/en\\\/#website\"},\"primaryImageOfPage\":{\"@id\":\"https:\\\/\\\/pixelarte.es\\\/en\\\/branding-para-restaurantes#primaryimage\"},\"image\":{\"@id\":\"https:\\\/\\\/pixelarte.es\\\/en\\\/branding-para-restaurantes#primaryimage\"},\"thumbnailUrl\":\"https:\\\/\\\/pixelarte.es\\\/wp-content\\\/uploads\\\/2018\\\/01\\\/estudio-diseno-pixelarte-take_away-the_fitzgerald-burger-e1721031267471.jpg\",\"datePublished\":\"2025-04-25T10:03:45+00:00\",\"dateModified\":\"2025-05-06T15:37:12+00:00\",\"breadcrumb\":{\"@id\":\"https:\\\/\\\/pixelarte.es\\\/en\\\/branding-para-restaurantes#breadcrumb\"},\"inLanguage\":\"en-US\",\"potentialAction\":[{\"@type\":\"ReadAction\",\"target\":[\"https:\\\/\\\/pixelarte.es\\\/en\\\/branding-para-restaurantes\"]}]},{\"@type\":\"ImageObject\",\"inLanguage\":\"en-US\",\"@id\":\"https:\\\/\\\/pixelarte.es\\\/en\\\/branding-para-restaurantes#primaryimage\",\"url\":\"https:\\\/\\\/pixelarte.es\\\/wp-content\\\/uploads\\\/2018\\\/01\\\/estudio-diseno-pixelarte-take_away-the_fitzgerald-burger-e1721031267471.jpg\",\"contentUrl\":\"https:\\\/\\\/pixelarte.es\\\/wp-content\\\/uploads\\\/2018\\\/01\\\/estudio-diseno-pixelarte-take_away-the_fitzgerald-burger-e1721031267471.jpg\",\"width\":1241,\"height\":1848,\"caption\":\"Pixelarte estudio de dise\u00f1o gr\u00e1fico - Dise\u00f1o packaging para The Fitzgerald\"},{\"@type\":\"BreadcrumbList\",\"@id\":\"https:\\\/\\\/pixelarte.es\\\/en\\\/branding-para-restaurantes#breadcrumb\",\"itemListElement\":[{\"@type\":\"ListItem\",\"position\":1,\"name\":\"Home\",\"item\":\"https:\\\/\\\/pixelarte.es\\\/en\"},{\"@type\":\"ListItem\",\"position\":2,\"name\":\"Branding for restaurants\"}]},{\"@type\":\"WebSite\",\"@id\":\"https:\\\/\\\/pixelarte.es\\\/en\\\/#website\",\"url\":\"https:\\\/\\\/pixelarte.es\\\/en\\\/\",\"name\":\"Pixelarte \u00ae\",\"description\":\"Estudio dise\u00f1o gr\u00e1fico Valencia\",\"potentialAction\":[{\"@type\":\"SearchAction\",\"target\":{\"@type\":\"EntryPoint\",\"urlTemplate\":\"https:\\\/\\\/pixelarte.es\\\/en\\\/?s={search_term_string}\"},\"query-input\":{\"@type\":\"PropertyValueSpecification\",\"valueRequired\":true,\"valueName\":\"search_term_string\"}}],\"inLanguage\":\"en-US\"}]}<\/script>\n<!-- \/ Yoast SEO plugin. -->","yoast_head_json":{"title":"Branding for restaurants | Pixelarte \u00ae","robots":{"index":"index","follow":"follow","max-snippet":"max-snippet:-1","max-image-preview":"max-image-preview:large","max-video-preview":"max-video-preview:-1"},"canonical":"https:\/\/pixelarte.es\/en\/branding-para-restaurantes","og_locale":"en_US","og_type":"article","og_title":"Branding for restaurants | Pixelarte \u00ae","og_description":"Building a strong brand for the best restaurants exercitation minim qui sit Lorem id consequat sunt non elit velit ullamco culpa est ea veniam exercitation culpa enim eu. incididunt minim nostrud duis tempor veniam nostrud et ipsum aliquip mollit veniam laborum et Lorem sunt ea eu voluptate dolore duis est culpa voluptate anim proident duis [&hellip;]","og_url":"https:\/\/pixelarte.es\/en\/branding-para-restaurantes","og_site_name":"Pixelarte \u00ae","article_publisher":"https:\/\/es-es.facebook.com\/wearepixelarte\/","article_modified_time":"2025-05-06T15:37:12+00:00","og_image":[{"width":1241,"height":1848,"url":"https:\/\/pixelarte.es\/wp-content\/uploads\/2018\/01\/estudio-diseno-pixelarte-take_away-the_fitzgerald-burger-e1721031267471.jpg","type":"image\/jpeg"}],"twitter_card":"summary_large_image","twitter_misc":{"Est. reading time":"3 minutes"},"schema":{"@context":"https:\/\/schema.org","@graph":[{"@type":"WebPage","@id":"https:\/\/pixelarte.es\/en\/branding-para-restaurantes","url":"https:\/\/pixelarte.es\/en\/branding-para-restaurantes","name":"Branding for restaurants | Pixelarte \u00ae","isPartOf":{"@id":"https:\/\/pixelarte.es\/en\/#website"},"primaryImageOfPage":{"@id":"https:\/\/pixelarte.es\/en\/branding-para-restaurantes#primaryimage"},"image":{"@id":"https:\/\/pixelarte.es\/en\/branding-para-restaurantes#primaryimage"},"thumbnailUrl":"https:\/\/pixelarte.es\/wp-content\/uploads\/2018\/01\/estudio-diseno-pixelarte-take_away-the_fitzgerald-burger-e1721031267471.jpg","datePublished":"2025-04-25T10:03:45+00:00","dateModified":"2025-05-06T15:37:12+00:00","breadcrumb":{"@id":"https:\/\/pixelarte.es\/en\/branding-para-restaurantes#breadcrumb"},"inLanguage":"en-US","potentialAction":[{"@type":"ReadAction","target":["https:\/\/pixelarte.es\/en\/branding-para-restaurantes"]}]},{"@type":"ImageObject","inLanguage":"en-US","@id":"https:\/\/pixelarte.es\/en\/branding-para-restaurantes#primaryimage","url":"https:\/\/pixelarte.es\/wp-content\/uploads\/2018\/01\/estudio-diseno-pixelarte-take_away-the_fitzgerald-burger-e1721031267471.jpg","contentUrl":"https:\/\/pixelarte.es\/wp-content\/uploads\/2018\/01\/estudio-diseno-pixelarte-take_away-the_fitzgerald-burger-e1721031267471.jpg","width":1241,"height":1848,"caption":"Pixelarte estudio de dise\u00f1o gr\u00e1fico - Dise\u00f1o packaging para The Fitzgerald"},{"@type":"BreadcrumbList","@id":"https:\/\/pixelarte.es\/en\/branding-para-restaurantes#breadcrumb","itemListElement":[{"@type":"ListItem","position":1,"name":"Home","item":"https:\/\/pixelarte.es\/en"},{"@type":"ListItem","position":2,"name":"Branding for restaurants"}]},{"@type":"WebSite","@id":"https:\/\/pixelarte.es\/en\/#website","url":"https:\/\/pixelarte.es\/en\/","name":"Pixelarte \u00ae","description":"Estudio dise\u00f1o gr\u00e1fico Valencia","potentialAction":[{"@type":"SearchAction","target":{"@type":"EntryPoint","urlTemplate":"https:\/\/pixelarte.es\/en\/?s={search_term_string}"},"query-input":{"@type":"PropertyValueSpecification","valueRequired":true,"valueName":"search_term_string"}}],"inLanguage":"en-US"}]}},"_links":{"self":[{"href":"https:\/\/pixelarte.es\/en\/wp-json\/wp\/v2\/pages\/20615","targetHints":{"allow":["GET"]}}],"collection":[{"href":"https:\/\/pixelarte.es\/en\/wp-json\/wp\/v2\/pages"}],"about":[{"href":"https:\/\/pixelarte.es\/en\/wp-json\/wp\/v2\/types\/page"}],"author":[{"embeddable":true,"href":"https:\/\/pixelarte.es\/en\/wp-json\/wp\/v2\/users\/2"}],"replies":[{"embeddable":true,"href":"https:\/\/pixelarte.es\/en\/wp-json\/wp\/v2\/comments?post=20615"}],"version-history":[{"count":0,"href":"https:\/\/pixelarte.es\/en\/wp-json\/wp\/v2\/pages\/20615\/revisions"}],"wp:featuredmedia":[{"embeddable":true,"href":"https:\/\/pixelarte.es\/en\/wp-json\/wp\/v2\/media\/12668"}],"wp:attachment":[{"href":"https:\/\/pixelarte.es\/en\/wp-json\/wp\/v2\/media?parent=20615"}],"curies":[{"name":"wp","href":"https:\/\/api.w.org\/{rel}","templated":true}]}}